{"id":14202,"date":"2022-08-17T17:28:00","date_gmt":"2022-08-17T17:28:00","guid":{"rendered":"https:\/\/sorigueinmobiliaria.com\/politica-de-galetes\/"},"modified":"2022-08-17T17:41:55","modified_gmt":"2022-08-17T17:41:55","slug":"politica-de-galetes","status":"publish","type":"page","link":"https:\/\/sorigueinmobiliaria.com\/ca\/politica-de-galetes\/","title":{"rendered":"Pol\u00edtica de galetes"},"content":{"rendered":"[vc_row row_type=&#8221;row&#8221; text_align=&#8221;left&#8221; css_animation=&#8221;&#8221;][vc_column][vc_column_text]\n<div class=\"field field-name-body field-type-text-with-summary field-label-hidden\">\n<div class=\"field-items\">\n<div class=\"field-item even\">\n<div class=\"content-basicpage\">\n<div class=\"av-special-heading av-special-heading-h3 avia-builder-el-0 el_before_av_one_full avia-builder-el-first \">\n<p style=\"font-weight: 400;\"><strong>Pol\u00edtica de galetes<\/strong><\/p>\n<p style=\"font-weight: 400;\">La nostra p\u00e0gina utilitza galetes pr\u00f2pies i de tercers. Les galetes s\u00f3n usades per a realitzar unes certes an\u00e0lisis de la web i poder adaptar els elements presentats i la funcionalitat d&#8217;alguna de les seccions.<\/p>\n<p style=\"font-weight: 400;\">Aqu\u00ed li explicarem qu\u00e8 s\u00f3n les galetes. A m\u00e9s, li donarem informaci\u00f3 sobre les que usem i li explicarem com configurar-les de manera que pugui inhabilitar-les o mantenir-les actives.<\/p>\n<p style=\"font-weight: 400;\">Si us plau, si t\u00e9 dubtes respecte a les galetes presents en aquesta web, pot consultar-nos mitjan\u00e7ant un correu electr\u00f2nic a la seg\u00fcent adre\u00e7a <a href=\"mailto:rgpd@sorigue.com\" target=\"_blank\" rel=\"noopener\">rgpd@sorigue.com<\/a>.<\/p>\n<p style=\"font-weight: 400;\">Si us plau, abans d&#8217;acceptar les galetes presents a la nostra web, llegeixi amb deteniment la informaci\u00f3 que li presentem. Quan hagi acabat, pot acceptar les galetes o configurar el navegador perqu\u00e8 inhabiliti o rebutgi les galetes. Tamb\u00e9 pot optar per incloure diferents complements al navegador per a eliminar-ne la funcionalitat. Nosaltres l&#8217;informem sobre com fer-ho.<\/p>\n<p style=\"font-weight: 400;\"><strong>Qu\u00e8 s\u00f3n les galetes<\/strong><\/p>\n<p style=\"font-weight: 400;\">Les galetes s\u00f3n petits arxius que s&#8217;emmagatzemen als equips que els usuaris empren per a navegar per internet \u2013tel\u00e8fon intel\u00b7ligent, tauleta, ordinador\u2013. Aquests fitxers recullen informaci\u00f3 i la transmeten al responsable de la seva instal\u00b7laci\u00f3.<\/p>\n<p style=\"font-weight: 400;\">Els fitxers d&#8217;informaci\u00f3 presents a la nostra web ens permeten diferenciar i comparar els usuaris, detectant la seva navegaci\u00f3 i uns determinats elements tecnol\u00f2gics presents (si el navegador de l&#8217;usuari t\u00e9 suport de JavaScript).<\/p>\n<p style=\"font-weight: 400;\">Per a continuar sense canvis en la configuraci\u00f3 de les galetes, simplement continu\u00ef navegant a la p\u00e0gina web despr\u00e9s de clicar el bot\u00f3 d&#8217;acceptar.<\/p>\n<p style=\"font-weight: 400;\">Para continuar sin cambios en la configuraci\u00f3n de las cookies, simplemente contin\u00fae en la p\u00e1gina web tras clicar el bot\u00f3n de aceptar.<\/p>\n<p style=\"font-weight: 400;\">Pot obtenir m\u00e9s informaci\u00f3 a la p\u00e0gina web <a href=\"http:\/\/www.allaboutgaletes.org\/es\/\" target=\"_blank\" rel=\"noopener\">http:\/\/www.allaboutgaletes.org\/es\/<\/a>. Per a obtenir m\u00e9s detalls sobre les galetes publicit\u00e0ries i sobre com administrar-les, visiti <a href=\"http:\/\/youronlinechoices.eu\" target=\"_blank\" rel=\"noopener\">http:\/\/youronlinechoices.eu<\/a> (a la UE) o <a href=\"http:\/\/aboutads.info\" target=\"_blank\" rel=\"noopener\">http:\/\/aboutads.info<\/a> (als EUA).<\/p>\n<p style=\"font-weight: 400;\"><strong>Els tipus de galetes que utilitzem:<\/strong><\/p>\n<p style=\"font-weight: 400;\">Usem galetes \u00abanal\u00edtiques\u00bb per, juntament amb la informaci\u00f3 del servidor d&#8217;allotjament, obtenir informaci\u00f3 relacionada amb el nombre de visites de la nostra web i de les seccions que tenen m\u00e9s acceptaci\u00f3. Si vost\u00e8 est\u00e0 a la nostra web, les galetes registraran la sessi\u00f3 i refer\u00e8ncies.<\/p>\n<p style=\"font-weight: 400;\">Les nostres galetes s\u00f3n anal\u00edtiques perqu\u00e8 ens permeten el seguiment i an\u00e0lisi del comportament dels usuaris dels llocs web als quals estan vinculades, emprant aquesta informaci\u00f3 en el mesurament de l&#8217;activitat dels llocs web i per a l&#8217;elaboraci\u00f3 de perfils de navegaci\u00f3 dels usuaris. Algunes s\u00f3n necess\u00e0ries i, sense elles, no pot mostrar-se la pr\u00f2pia web o alguna de les seves seccions o elements continguts; d\u2019altres s\u00f3n funcionals.<\/p>\n<p style=\"font-weight: 400;\"><strong>Galetes estrictament necess\u00e0ries:<\/strong><\/p>\n<p style=\"font-weight: 400;\">Aquestes galetes s\u00f3n necess\u00e0ries per al correcte \u00fas de la p\u00e0gina web, permetent l&#8217;acc\u00e9s a seccions. Sense aquestes galetes, molts dels serveis disponibles no estarien operatius.<\/p>\n<p style=\"font-weight: 400;\">La nostra galeta <em>cookie has_js<\/em> est\u00e0 creada pel propi lloc web i \u00e9s necess\u00e0ria per a poder detectar si el navegador que empra un usuari disposa de suport JavaScript; no recull dades personals.<\/p>\n<p style=\"font-weight: 400;\"><strong>Galetes de Navegaci\u00f3:<\/strong><\/p>\n<p style=\"font-weight: 400;\">Aquestes galetes recullen informaci\u00f3 sobre l&#8217;\u00fas que les visites fan de la web, per exemple, p\u00e0gines vistes, errors de c\u00e0rrega\u2026 \u00c9s informaci\u00f3 gen\u00e8rica i an\u00f2nima, on no s&#8217;inclouen dades personals, ni es recull informaci\u00f3 que identifiqui als visitants, sent l&#8217;objectiu \u00faltim millorar el funcionament de la web.<\/p>\n<p style=\"font-weight: 400;\">Les nostres galetes de navegaci\u00f3 s\u00f3n d&#8217;un tercer, Google Analytics. Pot obtenir m\u00e9s informaci\u00f3 clicant\u00a0<a href=\"https:\/\/developers.google.com\/analytics\/devguides\/collection\/analyticsjs\/cookie-usage\"><strong>aqu\u00ed<\/strong><\/a><\/p>\n<p style=\"font-weight: 400;\"><strong>Galetes Funcionals:<\/strong><\/p>\n<p style=\"font-weight: 400;\">Aquestes galetes permeten recordar informaci\u00f3 (com el seu nom d&#8217;usuari, idioma o la regi\u00f3 en qu\u00e8 es troba) i caracter\u00edstiques m\u00e9s personals. Per exemple, la possibilitat d&#8217;oferir contingut personalitzat basat en la informaci\u00f3 i criteris que hagis proporcionat volunt\u00e0riament. Aquestes galetes tamb\u00e9 poden utilitzar-se per a recordar els canvis realitzats en la grand\u00e0ria del text, fonts i altres parts personalitzables de la p\u00e0gina web. La informaci\u00f3 que recopilen aquestes galetes pot ser an\u00f2nima i la seva activitat no podr\u00e0 ser seguida per altres p\u00e0gines web.<\/p>\n<p style=\"font-weight: 400;\">Disposem de <em>cookie-agreed<\/em> per a recollir l&#8217;acceptaci\u00f3 de les galetes per part de l&#8217;usuari.<\/p>\n<p style=\"font-weight: 400;\"><strong>Com configurar\/administrar les galetes<\/strong><\/p>\n<p style=\"font-weight: 400;\">Per a gestionar l&#8217;\u00fas de les galetes de la nostra p\u00e0gina web, pot seguir les seg\u00fcents indicacions. Cada navegador t\u00e9 les seves pr\u00f2pies pautes per a configurar les galetes, per la qual cosa ha de seguir les indicacions del navegador que estigui emprant.<\/p>\n<p style=\"font-weight: 400;\">Aqu\u00ed li oferim alguns mitjans alternatius que poden ser d&#8217;utilitat per a qu\u00e8 gestioni les galetes. Recordi que pot ser que la p\u00e0gina no funcioni adequadament si bloqueja les galetes. Si \u00e9s aix\u00ed, \u00e9s possible que aparegui un missatge al navegador indicant que \u00e9s necessari habilitar les galetes perqu\u00e8 funcioni.<\/p>\n<p style=\"font-weight: 400;\"><strong>Mode de navegaci\u00f3 privada<\/strong><\/p>\n<p style=\"font-weight: 400;\">Pot emprar el mode de navegaci\u00f3 privada o d\u2019inc\u00f2gnit que permeten la majoria dels navegadors del mercat.<\/p>\n<p style=\"font-weight: 400;\">Quan s\u2019usa el mode de navegaci\u00f3 privada, s\u2019evita que es guardin els llocs visitats, que s&#8217;emmagatzemin galetes de rastreig, que es guardi l&#8217;historial de desc\u00e0rregues o que s&#8217;arxivin dades d&#8217;inici de sessi\u00f3. No es desen contrasenyes o informaci\u00f3 de formularis.<\/p>\n<p style=\"font-weight: 400;\">El que no s&#8217;evita amb l&#8217;\u00fas de la manera privada \u00e9s que el prove\u00efdor d&#8217;internet conegui els accessos. La IP emprada per l&#8217;usuari continua sent visible. L&#8217;acc\u00e9s en manera privada no protegeix davant atacs de seguretat.<\/p>\n<p style=\"font-weight: 400;\">Per a accedir a la navegaci\u00f3 privada: amb Chrome, des de l&#8217;eina de configuraci\u00f3 accedeixi a \u201cNova finestra d&#8217;inc\u00f2gnit\u201d; amb Edge, des de l&#8217;eina de configuraci\u00f3 accedeixi a \u201cFinestra InPrivate Nova\u201d; amb Firefox, l&#8217;acc\u00e9s es realitza des d&#8217;\u201cEines\u201d a \u201cNova finestra privada\u201d; amb IE 11, des d&#8217;\u201cEines\u201d accedeixi a Seguretat i despr\u00e9s a \u201cNavegaci\u00f3 InPrivate\u201d; amb Opera, pot accedir des del \u201cMen\u00fa\u201d i despr\u00e9s a \u201cNova finestra privada\u201d.<\/p>\n<p style=\"font-weight: 400;\"><strong>Eines<\/strong><\/p>\n<p style=\"font-weight: 400;\">Existeixen m\u00faltiples eines al mercat que poden ajudar a gestionar les galetes. Aquestes eines estan dissenyades per a evitar el funcionament de galetes o que es bloquegin les seves funcions. Per exemple, Ghostery o Do Not Track Me.<\/p>\n<p style=\"font-weight: 400;\">Pot realitzar un bloqueig de galetes de publicitat comportamental (d&#8217;altres webs perqu\u00e8 nosaltres no les usem) mitjan\u00e7ant la plataforma d&#8217;exclusi\u00f3 publicada en <a href=\"http:\/\/www.youronlinechoices.com\/es\/preferencias\/\" target=\"_blank\" rel=\"noopener\">http:\/\/www.youronlinechoices.com\/es\/preferencias\/<\/a>.<\/p>\n<p style=\"font-weight: 400;\"><strong>Configurar navegadors<\/strong><\/p>\n<p style=\"font-weight: 400;\"><strong>Google Chrome<\/strong><\/p>\n<p style=\"font-weight: 400;\">Vagi a \u201cConfiguraci\u00f3\u201d o \u201cPrefer\u00e8ncies\u201d mitjan\u00e7ant el men\u00fa \u201cArxiu\u201d, o b\u00e9 punxant la icona de personalitzaci\u00f3 que apareix a dalt a la dreta (tres punts col\u00b7locats en vertical). Veur\u00e0 diferents seccions, punxi l&#8217;opci\u00f3 \u201cMostrar opcions avan\u00e7ades\u201d o \u201cConfiguraci\u00f3 Avan\u00e7ada\u201d. Vagi a \u201cPrivacitat i Seguretat\u201d i despr\u00e9s a \u201cConfiguraci\u00f3 de contingut\u201d. Seleccioni totes les galetes i les dades de llocs. Per defecte, pot deixar predefinit al navegador el bloqueig de galetes. Nom\u00e9s ha de definir \u201cAmb bloqueig\u201d.<\/p>\n<p style=\"font-weight: 400;\">Tamb\u00e9 pot filtrar-les mitjan\u00e7ant \u201cVeure totes les galetes i totes les dades del lloc web\u201d. Apareixer\u00e0 un llistat amb totes les galetes ordenades per domini, podent filtrar-les mitjan\u00e7ant el cercador. Despr\u00e9s nom\u00e9s ha de seleccionar o bloquejar les galetes que desitgi.<\/p>\n<p style=\"font-weight: 400;\"><strong>Microsoft Internet Explorer<\/strong><\/p>\n<p style=\"font-weight: 400;\">En obrir el navegador, vagi a \u201cEines\u201d a la part superior i seleccioni la pestanya \u201cOpcions\u201d d&#8217;internet. Revisi la pestanya de \u201cPrivacitat\u201d, assegurant-se que est\u00e0 configurada amb un nivell de seguretat mitj\u00e0 o inferior. Si la configuraci\u00f3 d&#8217;Internet no \u00e9s mitjana, s&#8217;estaran bloquejant les galetes.<\/p>\n<p style=\"font-weight: 400;\"><strong>Mozilla Firefox<\/strong><\/p>\n<p style=\"font-weight: 400;\">A l\u2019obrir el navegador, punxi \u201cEines\u201d a la part superior. Amb les versions m\u00e9s avan\u00e7ades, pot apar\u00e8ixer representat amb tres l\u00ednies a la part dreta superior del navegador. Seleccioni la pestanya \u201cOpcions\u201d. Seleccioni la icona de \u201cPrivacitat &amp; Seguretat\u201d. Cliqui a \u201cgaletes i dades del lloc\u201d. Esculli les opcions que es presenten segons les seves prefer\u00e8ncies \u2014netejar dades, administrador de dades, excepcions\u2014. Pot acceptar, deixar predefinit i fins i tot mantenir o bloquejar directament les galetes.<\/p>\n<p style=\"font-weight: 400;\"><strong>Safari<\/strong><\/p>\n<p style=\"font-weight: 400;\">En obrir el navegador, punxi \u201cEines\u201d a la part superior i seleccioni la pestanya \u201cOpcions\u201d. Punxi la pestanya \u201cSeguretat\u201d i revisi si l&#8217;opci\u00f3 \u201cBloquejar galetes\u201d est\u00e0 marcada o no. Punxi \u201cGuardar\u201d.<\/p>\n<p style=\"font-weight: 400;\"><strong>La instal\u00b7laci\u00f3 de galetes amb Mac<\/strong><\/p>\n<p style=\"font-weight: 400;\">Si t\u00e9 un Mac i vol gestionar les galetes, segueixi les seg\u00fcents instruccions:<\/p>\n<p style=\"font-weight: 400;\"><strong>Microsoft Internet Explorer OSX<\/strong><\/p>\n<p style=\"font-weight: 400;\">Entri a \u201cExplorer\u201d i seleccioni \u201cPrefer\u00e8ncies\u201d a la barra de navegaci\u00f3. Fent scroll cap avall es podr\u00e0 veure \u201cGaletes\u201d sota arxius rebuts. Marqui \u201cNo tornar a preguntar\u201d.<\/p>\n<p style=\"font-weight: 400;\"><strong>Safari OSX<\/strong><\/p>\n<p style=\"font-weight: 400;\">Entri al navegador Safari i seleccioni \u201cPrefer\u00e8ncies\u201d a la barra de navegaci\u00f3. Acudeixi a la pestanya de \u201cSeguretat\u201d i usi l&#8217;opci\u00f3 \u201cacceptar galetes\u201d. Seleccioni l&#8217;opci\u00f3: \u201cNom\u00e9s des de la web actual en qu\u00e8 estic navegant\u201d.<\/p>\n<p style=\"font-weight: 400;\"><strong>Mozilla i Netscape OSX<\/strong><\/p>\n<p style=\"font-weight: 400;\">Accedeixi a \u201cMozilla\u201d o \u201cNetscape\u201d i, a la part superior del navegador, veur\u00e0 l&#8217;opci\u00f3 \u201cPrefer\u00e8ncies\u201d. Faci <em>scroll<\/em> cap avall fins que pugui veure \u201cGaletes\u201d sota \u201cPrivacitat i Seguretat\u201d. Usi l&#8217;opci\u00f3 \u201cPermetre l&#8217;acc\u00e9s de galetes nom\u00e9s des de la web actual\u201d.<\/p>\n<p style=\"font-weight: 400;\"><strong>Opera<\/strong><\/p>\n<p style=\"font-weight: 400;\">Entri al navegador \u201cOpera\u201d i seleccioni \u201cMen\u00fa\u201d i \u201cAjustaments\u201d a la barra de navegaci\u00f3. Seleccioni \u201cPrefer\u00e8ncies\u201d i usi la pestanya \u201cAvan\u00e7at\u201d. Usi l&#8217;opci\u00f3 \u201cAcceptar galetes\u201d.<\/p>\n<p style=\"font-weight: 400;\"><strong>Informaci\u00f3 de galetes en altres dispositius<\/strong><\/p>\n<p style=\"font-weight: 400;\"><em><u>Dispositius Android<\/u><\/em><\/p>\n<p style=\"font-weight: 400;\">Executi el navegador i premi la tecla \u201cMen\u00fa\u201d, despr\u00e9s \u201cAjustaments\u201d. Vagi a \u201cSeguretat i Privacitat\u201d, i acudeixi a l&#8217;opci\u00f3 \u201cAcceptar galetes\u201d perqu\u00e8 activi o desactivi la casella.<\/p>\n<p style=\"font-weight: 400;\"><em><u>Dispositius Apple<\/u><\/em><\/p>\n<p style=\"font-weight: 400;\">Per a activar o desactivar el bloqueig de galetes de Safari, premi Ajustaments &gt; Safari &gt; Bloquejar totes les galetes.<\/p>\n<p style=\"font-weight: 400;\">Per a esborrar l&#8217;historial i les galetes, pot anar a Ajustaments &gt; Safari &gt; Esborrar historial i dades de llocs web.<\/p>\n<p style=\"font-weight: 400;\">Per a esborrar les galetes i mantenir l&#8217;historial, vagi a Ajustaments &gt; Safari &gt; Avan\u00e7at &gt; Dades de llocs web &gt; Eliminar totes les dades.<\/p>\n<p style=\"font-weight: 400;\">Per a visitar llocs sense deixar historial, nom\u00e9s ha d&#8217;activar o desactivar la navegaci\u00f3 privada.<\/p>\n<p style=\"font-weight: 400;\">M\u00e9s informaci\u00f3 aqu\u00ed <a href=\"https:\/\/support.apple.com\/es-es\/HT201265\">https:\/\/support.apple.com\/es-es\/HT201265<\/a><\/p>\n<p style=\"font-weight: 400;\"><strong>M\u00e9s informaci\u00f3 del desenvolupador<\/strong><\/p>\n<p style=\"font-weight: 400;\"><strong>Chrome:<\/strong> Com administrar galetes i dades de llocs <a href=\"http:\/\/support.google.com\/chrome\/bin\/answer.py?hl=es&amp;answer=95647\" target=\"_blank\" rel=\"noopener\">http:\/\/support.google.com\/chrome\/bin\/answer.py?hl=es&amp;answer=95647<\/a><\/p>\n<p style=\"font-weight: 400;\"><strong>Firefox:<\/strong> Configuraci\u00f3 de la privacitat, l&#8217;historial de navegaci\u00f3 i la funci\u00f3 \u201cno vull ser rastrejat\u201d <a href=\"https:\/\/support.mozilla.org\/es\/kb\/configuracion-privacidad-historial-navegacion-funcion-no-quiero-ser-rastreado?redirectlocale=es&amp;as=u&amp;redirectslug=configuracion-de-la-privacidad-el-historial-de-nav\" target=\"_blank\" rel=\"noopener\">http:\/\/support.mozilla.org\/es\/kb\/configuracion-de-la-privacidad-el-histo<\/a>\u2026<\/p>\n<p style=\"font-weight: 400;\"><strong>Internet Explorer:<\/strong> Com administrar galetes amb Internet Explorer 10 <a href=\"https:\/\/support.microsoft.com\/es-es\/windows\/eliminar-y-administrar-cookies-168dab11-0753-043d-7c16-ede5947fc64d\" target=\"_blank\" rel=\"noopener\">http:\/\/windows.microsoft.com\/es-xl\/internet-explorer\/delete-manage-cooki<\/a>\u2026. Com administrar galetes amb Internet Explorer 11 <a href=\"https:\/\/support.microsoft.com\/es-es\/windows\/eliminar-y-administrar-cookies-168dab11-0753-043d-7c16-ede5947fc64d\" target=\"_blank\" rel=\"noopener\">http:\/\/windows.microsoft.com\/es-xl\/internet-explorer\/delete-manage-cooki<\/a>\u2026<\/p>\n<p style=\"font-weight: 400;\"><strong>Opera:<\/strong> Galetes <a href=\"http:\/\/help.opera.com\/Windows\/12.10\/es-ES\/galetes.HTML\" target=\"_blank\" rel=\"noopener\">http:\/\/help.opera.com\/Windows\/12.10\/es-ES\/galetes.HTML<\/a><\/p>\n<p style=\"font-weight: 400;\"><strong>Safari:<\/strong> <a href=\"http:\/\/support.apple.com\/kb\/PH5042\" target=\"_blank\" rel=\"noopener\">http:\/\/support.apple.com\/kb\/PH5042<\/a><\/p>\n<p style=\"font-weight: 400;\"><strong>L&#8217;\u00faltima pregunta que volem fer-li: coneix les tecnologies de seguiment?<\/strong><\/p>\n<p style=\"font-weight: 400;\">Tant les p\u00e0gines web com els correus electr\u00f2nics \u2014HTML\u2014, poden incloure altres tecnologies de rastreig, per exemple: els denominats \u201cweb beacons\u201d. Els \u201cweb beacons\u201d s\u00f3n petites imatges \u201ctransparents\u201d que poden proporcionar informaci\u00f3 estad\u00edstica, i tenen finalitats similars a les galetes. Se solen usar juntament amb les galetes, encara que no s&#8217;emmagatzemen directament. Si desactiva les galetes, els \u201cweb beacons\u201d encara poden estar executant-se, per\u00f2 amb una funcionalitat m\u00e9s restringida.<\/p>\n<p style=\"font-weight: 400;\">Quan usem <em>beacons<\/em>, l&#8217;informarem de manera clara i mitjan\u00e7ant un b\u00e0ner similar al de les galetes.<\/p>\n<p style=\"font-weight: 400;\"><strong>Si necessita m\u00e9s informaci\u00f3, si us plau, consulti amb nosaltres en <a href=\"mailto:rgpd@sorigue.com\" target=\"_blank\" rel=\"noopener\">rgpd@sorigue.com<\/a><\/strong><\/p>\n<p style=\"font-weight: 400;\"><strong>\u00a0<\/strong><\/p>\n<\/div>\n<\/div>\n<\/div>\n<\/div>\n<\/div>\n[\/vc_column_text][vc_separator type=&#8221;transparent&#8221; up=&#8221;50&#8243; down=&#8221;50&#8243;][\/vc_column][\/vc_row]\n","protected":false},"excerpt":{"rendered":"<p>[vc_row row_type=&#8221;row&#8221; text_align=&#8221;left&#8221; css_animation=&#8221;&#8221;][vc_column][vc_column_text] Pol\u00edtica de galetes La nostra p\u00e0gina utilitza galetes pr\u00f2pies i de tercers. Les galetes s\u00f3n usades per a realitzar unes certes an\u00e0lisis de la web i poder adaptar els elements presentats i la funcionalitat d&#8217;alguna de les seccions. Aqu\u00ed li explicarem&#8230;<\/p>\n","protected":false},"author":4,"featured_media":0,"parent":0,"menu_order":10001,"comment_status":"closed","ping_status":"closed","template":"","meta":{"footnotes":""},"_links":{"self":[{"href":"https:\/\/sorigueinmobiliaria.com\/ca\/wp-json\/wp\/v2\/pages\/14202"}],"collection":[{"href":"https:\/\/sorigueinmobiliaria.com\/ca\/wp-json\/wp\/v2\/pages"}],"about":[{"href":"https:\/\/sorigueinmobiliaria.com\/ca\/wp-json\/wp\/v2\/types\/page"}],"author":[{"embeddable":true,"href":"https:\/\/sorigueinmobiliaria.com\/ca\/wp-json\/wp\/v2\/users\/4"}],"replies":[{"embeddable":true,"href":"https:\/\/sorigueinmobiliaria.com\/ca\/wp-json\/wp\/v2\/comments?post=14202"}],"version-history":[{"count":3,"href":"https:\/\/sorigueinmobiliaria.com\/ca\/wp-json\/wp\/v2\/pages\/14202\/revisions"}],"predecessor-version":[{"id":14205,"href":"https:\/\/sorigueinmobiliaria.com\/ca\/wp-json\/wp\/v2\/pages\/14202\/revisions\/14205"}],"wp:attachment":[{"href":"https:\/\/sorigueinmobiliaria.com\/ca\/wp-json\/wp\/v2\/media?parent=14202"}],"curies":[{"name":"wp","href":"https:\/\/api.w.org\/{rel}","templated":true}]}}