{"id":14192,"date":"2022-08-17T17:02:33","date_gmt":"2022-08-17T17:02:33","guid":{"rendered":"https:\/\/sorigueinmobiliaria.com\/avis-legal\/"},"modified":"2022-08-17T17:10:53","modified_gmt":"2022-08-17T17:10:53","slug":"avis-legal","status":"publish","type":"page","link":"https:\/\/sorigueinmobiliaria.com\/ca\/avis-legal\/","title":{"rendered":"Avis legal"},"content":{"rendered":"[vc_row row_type=&#8221;row&#8221; text_align=&#8221;left&#8221; css_animation=&#8221;&#8221;][vc_column][vc_column_text]\n<h2>AV\u00cdS LEGAL<\/h2>\n<p>&nbsp;<\/p>\n<p style=\"font-weight: 400;\">Les presents condicions regulen l&#8217;\u00fas i el contingut del servei del Portal d&#8217;Internet (d&#8217;ara endavant, Portal o P\u00e0gina web o Web) que el grup empresarial SORIGU\u00c9, (d&#8217;ara endavant, SORIGU\u00c9) posa a disposici\u00f3 dels usuaris d&#8217;Internet.<\/p>\n<p>&nbsp;<\/p>\n<h2>DADES GENERALS<\/h2>\n<p>&nbsp;<\/p>\n<p style=\"font-weight: 400;\">En conformitat amb l&#8217;article 10 de la Llei 34\/2002, d&#8217;11 de juliol, de Serveis de la Societat de la Informaci\u00f3 i de Comer\u00e7 Electr\u00f2nic, posem a la seva disposici\u00f3 les dades relatives al titular de la p\u00e0gina web que est\u00e0 visitant.<\/p>\n<p style=\"font-weight: 400;\">CIMEXCO, S.A.O. (d&#8217;ara endavant CIMEXCO) \u00e9s la titular de la p\u00e0gina web accessible des del domini <a href=\"https:\/\/www.sorigueinmobiliaria.com\" target=\"_blank\" rel=\"noopener\">www.sorigueinmobiliaria.com<\/a>. CIMEXCO est\u00e0 domiciliat a l\u2019Av. General Per\u00f3n 38, 28020 Madrid, amb CIF B78127438, inscrit al Registre Mercantil de Madrid, Volum 8.366, Foli 39, Full n\u00fam. M-134.900.<\/p>\n<p style=\"font-weight: 400;\">En aquesta p\u00e0gina web es troben una s\u00e8rie de continguts que, amb car\u00e0cter informatiu, es presenten per a mostrar l&#8217;activitat del nostre grup empresarial i dels serveis que oferim. El principal objectiu d&#8217;aquest Portal \u00e9s facilitar a qualsevol usuari, i especialment als clients, informaci\u00f3 relativa a les nostres activitats i permetre el contacte d&#8217;aquests agents externs amb aquesta.<\/p>\n<p style=\"font-weight: 400;\">En aquesta p\u00e0gina web podr\u00e0 trobar elements sotmesos a protecci\u00f3 per la normativa de propietat intel\u00b7lectual i el dret de marques. Si us plau, consulti el contingut relatiu a aquest punt a les nostres condicions.<\/p>\n<p>&nbsp;<\/p>\n<h2>POL\u00cdTICA DE PRIVACITAT<\/h2>\n<p>&nbsp;<\/p>\n<p style=\"font-weight: 400;\">En compliment del que es disposa al Reglament UE 2016\/679 de 27 d&#8217;abril relatiu a la protecci\u00f3 de les persones f\u00edsiques pel que fa al tractament de dades personals i a la lliure circulaci\u00f3 d&#8217;aquestes dades i pel qual es deroga la Directiva 95\/46\/CE (Reglament general de protecci\u00f3 de dades), aix\u00ed com la normativa de privacitat vigent a cada moment, s&#8217;informa l&#8217;usuari que totes les dades personals que poden ser tractades a trav\u00e9s de la present p\u00e0gina web, aix\u00ed com elements incorporats a la mateixa \u2014galetes o xarxes socials\u2014, s\u00f3n tractades conforme a les disposicions establertes en la citada normativa.<\/p>\n<p style=\"font-weight: 400;\">Sempre es respectar\u00e0 la confidencialitat de les seves dades personals, que nom\u00e9s seran utilitzades amb la finalitat de gestionar les sol\u00b7licituds que pogu\u00e9s fer-nos i oferir-li els serveis web informatius, aix\u00ed com remetre informaci\u00f3 t\u00e8cnica, comercial o publicit\u00e0ria per via ordin\u00e0ria o electr\u00f2nica, quan sigui sol\u00b7licitada.<\/p>\n<p style=\"font-weight: 400;\">CIMEXCO ha establert una pol\u00edtica de privacitat juntament amb unes pol\u00edtiques associades a la normativa de refer\u00e8ncia, que est\u00e0 disponible en aquesta p\u00e0gina web. Si us plau, consulti aquestes pol\u00edtiques per a obtenir m\u00e9s informaci\u00f3. Si ho desitja, pot posar-se en contacte amb nosaltres amb el seg\u00fcent correu electr\u00f2nic, on resoldrem els seus dubtes respecte a pol\u00edtica de dades personals: <a href=\"mailto:rgpd@sorigue.com\" target=\"_blank\" rel=\"noopener\">rgpd@sorigue.com<\/a><\/p>\n<p>&nbsp;<\/p>\n<h2>CONDICIONS D&#8217;\u00daS<\/h2>\n<p>&nbsp;<\/p>\n<p style=\"font-weight: 400;\">L&#8217;acc\u00e9s a aquesta p\u00e0gina web \u00e9s gratu\u00eft. La utilitzaci\u00f3 del Portal atribueix, per defecte, la condici\u00f3 d&#8217;Usuari del mateix (d&#8217;ara endavant, Usuari) i implica l&#8217;acceptaci\u00f3 de totes les condicions, sense cap reserva per part seva, incloses en aquest Av\u00eds Legal, d&#8217;aquelles altres contingudes a la nostra Pol\u00edtica de Privacitat i Pol\u00edtica de Galetes, i les que puguin derivar-se de la normativa vigent i que no es contemplen expressament en el present av\u00eds.<\/p>\n<p style=\"font-weight: 400;\">Les condicions d&#8217;acc\u00e9s i \u00fas del present lloc web es regeixen per la legalitat vigent i pel principi de bona fe comprometent-se l&#8217;usuari a realitzar un bon \u00fas de la web. No es permeten conductes que vagin contra la llei, els drets o interessos de tercers.<\/p>\n<p style=\"font-weight: 400;\">Ser usuari de la web de Sorigu\u00e9 implica que reconeix haver llegit i acceptat les presents condicions, i fins on les estengui la normativa legal aplicable en aquesta mat\u00e8ria. Si, pel motiu que fos, no est\u00e0 d&#8217;acord amb aquestes condicions no continu\u00ef usant aquesta web. Qualsevol tipus de notificaci\u00f3 i\/o reclamaci\u00f3 solament ser\u00e0 v\u00e0lida per notificaci\u00f3 escrita i\/o correu certificat.<\/p>\n<p style=\"font-weight: 400;\">Les condicions que regeixen els diferents serveis disponibles en aquesta web estan subjectes, entre altres, a la seg\u00fcent normativa, en la part que resulti d&#8217;aplicaci\u00f3: <u>Llei 34\/2002, d&#8217;11 de juliol, de Serveis de la Societat de la Informaci\u00f3 i Comer\u00e7 Electr\u00f2nic; Reglament UE 2016\/679, de 27 d&#8217;abril, relatiu a la protecci\u00f3 de les persones f\u00edsiques pel que fa al tractament de dades personals i a la lliure circulaci\u00f3 d&#8217;aquestes dades i pel qual es deroga la Directiva 95\/46\/CE<\/u> (Reglament general de protecci\u00f3 de dades) aix\u00ed com la normativa de privacitat vigent a cada moment, <u>Reial decret llei 1\/2007, de 16 de Novembre, que aprova el text ref\u00f3s de la Llei General per a la Defensa de Consumidors i Usuaris i altres Lleis complement\u00e0ries; com la normativa de propietat intel\u00b7lectual o normativa del dret de marques.<\/u><\/p>\n<p>&nbsp;<\/p>\n<h2>XARXES SOCIALS<\/h2>\n<p>&nbsp;<\/p>\n<p style=\"font-weight: 400;\">CIMEXCO forma part del GRUP SORIGU\u00c9, que es troba present en xarxes socials a les quals pot accedir des de la nostra p\u00e0gina web. Twitter\u00ae, LinkedIn\u00ae, Pinterest\u00ae i Google+\u00ae. Quan un usuari accedeix a aquestes, surt de la nostra plataforma i passa a estar sotm\u00e8s a les condicions establertes pel prestador de la xarxa social. Si us plau, llegeixi detingudament les condicions establertes abans d&#8217;acceptar l&#8217;acc\u00e9s i \u00fas de les xarxes.<\/p>\n<p style=\"font-weight: 400;\">Quan un usuari introdueix informaci\u00f3 o elements en les xarxes socials, implicant els nostres perfils corporatius, i aquesta informaci\u00f3 sigui contr\u00e0ria a la pol\u00edtica de la nostra empresa, \u00e9s a dir, contr\u00e0ria a la legislaci\u00f3 nacional o internacional, drets de tercers o la moral i l&#8217;ordre p\u00fablic, es procedir\u00e0 a la seva retirada de manera immediata. Cimexco no es fa responsable de la informaci\u00f3 i continguts emmagatzemats en f\u00f2rums, xarxes socials o qualssevol altres mitjans que permeti a tercers publicar continguts de manera independent a la p\u00e0gina web del prestador.<\/p>\n<p>&nbsp;<\/p>\n<h2>RESPONSABILITATS<\/h2>\n<p>&nbsp;<\/p>\n<p style=\"font-weight: 400;\">Els continguts d&#8217;aquesta p\u00e0gina s\u00f3n de car\u00e0cter general, amb la finalitat d&#8217;informar de les diferents activitats i serveis que oferim des de CIMEXCO. CIMEXCO no es responsabilitza de les decisions preses a partir de la informaci\u00f3 subministrada en el Portal ni dels danys i perjudicis produ\u00efts en l&#8217;Usuari o tercers amb motiu d&#8217;actuacions que tinguin com a \u00fanic fonament la informaci\u00f3 obtinguda al Portal.<\/p>\n<p style=\"font-weight: 400;\">Els Usuaris han de mantenir l&#8217;adequada disponibilitat i seguretat dels elements emprats per a navegar per internet. CIMEXCO no ser\u00e0 responsable dels danys i perjudicis que es produeixin per fallades o males configuracions del programari instal\u00b7lat a l&#8217;ordinador de l&#8217;internauta. L&#8217;acc\u00e9s al Portal requereix de serveis i subministraments de tercers, inclosos el transport a trav\u00e9s de xarxes de telecomunicacions, la fiabilitat, qualitat, continu\u00eftat i funcionament de les quals no correspon a CIMEXCO.<\/p>\n<p style=\"font-weight: 400;\">CIMEXCO no assumeix responsabilitats sobre l&#8217;\u00fas continuat i disponibilitat d&#8217;aquesta plataforma web. No es garanteix la inexist\u00e8ncia d&#8217;interrupcions o errors en l&#8217;acc\u00e9s al lloc web. Aix\u00ed mateix, CIMEXCO es reserva el dret a actualitzar, modificar o eliminar la informaci\u00f3 continguda en la seva p\u00e0gina web, aix\u00ed com la configuraci\u00f3 o presentaci\u00f3 d&#8217;aquest, en qualsevol moment sense assumir cap responsabilitat per aix\u00f2.<\/p>\n<p style=\"font-weight: 400;\">Li comuniquem que qualsevol preu que pugui veure a la nostra web ser\u00e0 solament orientatiu i no vinculant. Si l&#8217;usuari desitja saber-ho amb exactitud, haur\u00e0 de contactar a trav\u00e9s d\u2019algun dels mitjans convinguts amb el departament corresponent de l&#8217;empresa.<\/p>\n<p style=\"font-weight: 400;\">CIMEXCO no es fa responsable de la mala utilitzaci\u00f3 del portal per part dels usuaris, de la continu\u00eftat del servei web, dels continguts oferts per altres webs o aplicacions a les quals es pugui accedir des del nostre portal.<\/p>\n<p>&nbsp;<\/p>\n<h2>PROPIETAT INTEL\u00b7LECTUAL I INDUSTRIAL<\/h2>\n<p>&nbsp;<\/p>\n<p style=\"font-weight: 400;\">CIMEXCO \u00e9s titular o disposa de la corresponent llic\u00e8ncia o cessi\u00f3 d&#8217;\u00fas sobre els diferents continguts presents en aquesta p\u00e0gina web, entre els quals s&#8217;inclouen \u2014de manera merament enunciativa\u2014 les marques, textos, fotografies, gr\u00e0fics, links, audiovisuals, dibuixos, dissenys, programari, codi de font i informacions incorporades a aquest efecte, exposats al llarg del Portal Web. Queden exceptuats els drets sobre productes i serveis de car\u00e0cter p\u00fablic que no s\u00f3n propietat d&#8217;aquesta empresa. Tots els productes i serveis d&#8217;aquestes p\u00e0gines que NO s\u00f3n propietat de CIMEXCO s\u00f3n marques registrades dels seus respectius propietaris i s\u00f3n reconegudes com a tals per la nostra empresa. Solament apareixen a la web a l&#8217;efecte de promoci\u00f3 i de recopilaci\u00f3 d&#8217;informaci\u00f3. Aquests propietaris poden sol\u00b7licitar la modificaci\u00f3 o eliminaci\u00f3 de la informaci\u00f3 que els pertany.<\/p>\n<p style=\"font-weight: 400;\">El sol fet d&#8217;apar\u00e8ixer a la present web no significa cessi\u00f3 d&#8217;\u00fas a l&#8217;usuari. No se cedeix la titularitat dels elements ni cap dret d&#8217;explotaci\u00f3, a excepci\u00f3 dels propis per a visualitzar els elements. Cap material publicat en aquesta web podr\u00e0 ser reprodu\u00eft, copiat o publicat sense el consentiment escrit de CIMEXCO.<\/p>\n<p style=\"font-weight: 400;\">Amb car\u00e0cter merament enunciatiu, que no limitatiu, es prohibeix als usuaris del Portal:<\/p>\n<ul>\n<li>Explotar comercialment els continguts del Portal, incloent en aquesta prohibici\u00f3 els productes derivats despr\u00e9s de la seva modificaci\u00f3, c\u00f2pia o reutilitzaci\u00f3.<\/li>\n<li>Reproduir, copiar, extreure, transformar o reutilitzar per a \u00fas privat o explotaci\u00f3 comercial, aquells continguts considerats com a disseny gr\u00e0fic, codi de font, programari o base de dades.<\/li>\n<\/ul>\n<p style=\"font-weight: 400;\">Les marques, noms comercials o signes distintius s\u00f3n titularitat de CIMEXCO o de tercers que les cedeixen per al seu \u00fas, sense que pugui entendre&#8217;s que l&#8217;acc\u00e9s al Portal atribueixi cap dret sobre aquestes, quedant prohibit el seu \u00fas, excepte autoritzaci\u00f3 expressa de CIMEXCO S.A. o del tercer titular. Nom\u00e9s s&#8217;autoritza l&#8217;\u00fas de les nostres marques o noms comercials per a referenciar-nos en el sector com a prove\u00efdor o subministrador de serveis. No obstant aix\u00f2, si us plau, posi\u2019s en contacte amb nosaltres per a poder ajudar-lo quan necessiti referenciar-nos com a prove\u00efdor de serveis.<\/p>\n<p style=\"font-weight: 400;\">Queda perm\u00e8s compartir l&#8217;enlla\u00e7 de la nostra p\u00e0gina web o seccions incloses en el mateix per a referenciar productes o serveis subministrats per nosaltres, tret que es faci amb finalitats competitives o per a pertorbar el nostre bon nom. El titular de la p\u00e0gina web que enllaci els continguts indegudament i en contra d&#8217;aquest av\u00eds legal ser\u00e0 responsable dels danys i perjudicis que poguessin causar-se a CIMEXCO o a tercers.<\/p>\n<p style=\"font-weight: 400;\">Tota la informaci\u00f3 que es rebi, com comentaris, suggeriments o idees, es considerar\u00e0 cedida a CIMEXCO de manera gratu\u00efta. No ha d&#8217;enviar-se informaci\u00f3 que NO pugui ser tractada d&#8217;aquesta manera.<\/p>\n<p>&nbsp;<\/p>\n<h2>DURADA, VIG\u00c8NCIA I NUL\u00b7LITAT<\/h2>\n<p>&nbsp;<\/p>\n<p style=\"font-weight: 400;\">L&#8217;av\u00eds legal t\u00e9 una vig\u00e8ncia des de la seva pr\u00f2pia publicaci\u00f3 fins a la seva modificaci\u00f3. El present Av\u00eds Legal i la Pol\u00edtica de Privacitat podr\u00e0 ser modificat per CIMEXCO en qualsevol moment, \u00edntegrament o de manera parcial, havent els Usuaris de revisar el contingut peri\u00f2dicament per a verificar la informaci\u00f3. Les modificacions tenen efecte des del moment en qu\u00e8 es publiquen al Portal. S&#8217;establir\u00e0 data de publicaci\u00f3 perqu\u00e8 els Usuaris coneguin la versi\u00f3 vigent.<\/p>\n<p style=\"font-weight: 400;\">En cas que qualsevol extrem de les presents condicions fos considerat nul o anul\u00b7lable, o la seva aplicaci\u00f3 resulti impossible, parcial o totalment, per l&#8217;aplicaci\u00f3 d&#8217;una modificaci\u00f3 normativa o per sent\u00e8ncia judicial o laude arbitral, es mantindr\u00e0 la vig\u00e8ncia de la resta de l&#8217;av\u00eds.<\/p>\n<p>&nbsp;<\/p>\n<h2>LLEI APLICABLE I JURISDICCI\u00d3<\/h2>\n<p>&nbsp;<\/p>\n<p style=\"font-weight: 400;\">CIMEXCO es reserva el seu dret a emprendre les accions arbitrals o judicials que consideri oportunes en el cas que els Usuaris utilitzin la p\u00e0gina web de manera indeguda o il\u00b7legal. L&#8217;Usuari respondr\u00e0 davant CIMEXCO o davant tercers de qualssevol danys i perjudicis que poguessin causar-se a conseq\u00fc\u00e8ncia de l&#8217;incompliment d&#8217;aquestes obligacions.<\/p>\n<p style=\"font-weight: 400;\">El no exercici o execuci\u00f3 de les accions o drets a tercers per l&#8217;incompliment de les disposicions o prohibicions contingudes al present av\u00eds legal per part de CIMEXCO no constituir\u00e0 ren\u00fancia a aquests, excepte reconeixement i acord escrit per part seva.<\/p>\n<p style=\"font-weight: 400;\">Tota la informaci\u00f3 legal inclosa a la nostra p\u00e0gina web pot trobar-se en diferents idiomes per a facilitar l&#8217;acc\u00e9s a la informaci\u00f3 a qualsevol usuari. Si existissin discrep\u00e0ncies en la traducci\u00f3 de termes als diferents idiomes publicats, es considerar\u00e0 que preval el sentit del terme en l&#8217;idioma espanyol i, per tant, qualsevol interpretaci\u00f3 dels termes legals de la present web, seran conforme a la informaci\u00f3 presentada en aquest idioma.<\/p>\n<p style=\"font-weight: 400;\">Toda la informaci\u00f3n legal incluida en nuestra p\u00e1gina web puede encontrarse en diferentes idiomas para facilitar el acceso a la informaci\u00f3n a cualquier usuario. Cuando existieran discrepancias en la traducci\u00f3n de t\u00e9rminos a los diferentes idiomas publicados, se considerar\u00e1 que prima el sentido del t\u00e9rmino en el idioma espa\u00f1ol y, por tanto, cualquier interpretaci\u00f3n de los t\u00e9rminos legales de la presente web, ser\u00e1n conforme a la informaci\u00f3n presentada en ese idioma.<\/p>\n[\/vc_column_text][vc_empty_space height=&#8221;50&#8243;][\/vc_column][\/vc_row]\n","protected":false},"excerpt":{"rendered":"<p>[vc_row row_type=&#8221;row&#8221; text_align=&#8221;left&#8221; css_animation=&#8221;&#8221;][vc_column][vc_column_text] AV\u00cdS LEGAL &nbsp; Les presents condicions regulen l&#8217;\u00fas i el contingut del servei del Portal d&#8217;Internet (d&#8217;ara endavant, Portal o P\u00e0gina web o Web) que el grup empresarial SORIGU\u00c9, (d&#8217;ara endavant, SORIGU\u00c9) posa a disposici\u00f3 dels usuaris d&#8217;Internet. &nbsp; DADES GENERALS&#8230;<\/p>\n","protected":false},"author":4,"featured_media":0,"parent":0,"menu_order":10000,"comment_status":"closed","ping_status":"closed","template":"","meta":{"footnotes":""},"_links":{"self":[{"href":"https:\/\/sorigueinmobiliaria.com\/ca\/wp-json\/wp\/v2\/pages\/14192"}],"collection":[{"href":"https:\/\/sorigueinmobiliaria.com\/ca\/wp-json\/wp\/v2\/pages"}],"about":[{"href":"https:\/\/sorigueinmobiliaria.com\/ca\/wp-json\/wp\/v2\/types\/page"}],"author":[{"embeddable":true,"href":"https:\/\/sorigueinmobiliaria.com\/ca\/wp-json\/wp\/v2\/users\/4"}],"replies":[{"embeddable":true,"href":"https:\/\/sorigueinmobiliaria.com\/ca\/wp-json\/wp\/v2\/comments?post=14192"}],"version-history":[{"count":4,"href":"https:\/\/sorigueinmobiliaria.com\/ca\/wp-json\/wp\/v2\/pages\/14192\/revisions"}],"predecessor-version":[{"id":14196,"href":"https:\/\/sorigueinmobiliaria.com\/ca\/wp-json\/wp\/v2\/pages\/14192\/revisions\/14196"}],"wp:attachment":[{"href":"https:\/\/sorigueinmobiliaria.com\/ca\/wp-json\/wp\/v2\/media?parent=14192"}],"curies":[{"name":"wp","href":"https:\/\/api.w.org\/{rel}","templated":true}]}}