{"id":14109,"date":"2022-08-17T15:44:09","date_gmt":"2022-08-17T15:44:09","guid":{"rendered":"https:\/\/sorigueinmobiliaria.com\/promocions-en-curs\/promociones-en-la-provincia-de-zaragoza\/"},"modified":"2022-10-18T10:57:33","modified_gmt":"2022-10-18T10:57:33","slug":"promocions-a-la-provincia-de-saragossa","status":"publish","type":"page","link":"https:\/\/sorigueinmobiliaria.com\/ca\/promocions-en-curs\/promocions-a-la-provincia-de-saragossa\/","title":{"rendered":"Promocions a la provincia de Saragossa"},"content":{"rendered":"[vc_row row_type=&#8221;row&#8221; text_align=&#8221;left&#8221; css_animation=&#8221;&#8221;][vc_column][vc_empty_space height=&#8221;20px&#8221;][vc_custom_heading text=&#8221;Promocions a la provincia de Saragossa&#8221; font_container=&#8221;tag:h1|text_align:left&#8221; google_fonts=&#8221;font_family:Montserrat%3Aregular%2C700|font_style:400%20regular%3A400%3Anormal&#8221;][vc_separator type=&#8221;transparent&#8221; color=&#8221;#ffffff&#8221; up=&#8221;10&#8243; down=&#8221;10&#8243;][vc_column_text]\n<h3>Llistat de les promocions en curs.<\/h3>\n[\/vc_column_text][vc_empty_space height=&#8221;10px&#8221;][\/vc_column][\/vc_row][vc_row row_type=&#8221;row&#8221; text_align=&#8221;left&#8221; css_animation=&#8221;&#8221;][vc_column width=&#8221;1\/4&#8243;][vc_single_image image=&#8221;13779&#8243; add_caption=&#8221;yes&#8221; style=&#8221;vc_box_rounded&#8221; onclick=&#8221;custom_link&#8221; link=&#8221;http:%2F%2Fsorigueinmobiliaria.com%2Fpromociones-en-curso%2Fpromociones-en-la-provincia-de-zaragoza%2Fzaragoza-velaire-residencial%2F|&#8221;][vc_separator type=&#8221;transparent&#8221; color=&#8221;#ffffff&#8221; up=&#8221;10&#8243; down=&#8221;10&#8243;][\/vc_column][vc_column width=&#8221;3\/4&#8243;][vc_column_text]\n<h2 class=\"vc_custom_heading\">Zaragoza | Velaire Residencial &#8211; (Fase 2)<\/h2>\n<h5>Data de lliurament: Segon trimestre 2023<\/h5>\n<p>A la millor ubicaci\u00f3 de Miralbueno, es construir\u00e0 la nostra segona fase, un elegant complex d&#8217;habitatges, tot acompanyat d&#8217;una magn\u00edfica zona comunit\u00e0ria amb piscina i jard\u00ed.[\/vc_column_text][vc_separator type=&#8221;transparent&#8221; color=&#8221;#ffffff&#8221; up=&#8221;10&#8243; down=&#8221;10&#8243;]<a href=\"https:\/\/sorigueinmobiliaria.com\/ca\/promocions-en-curs\/promocions-a-la-provincia-de-saragossa\/saragossa-velaire-residencial-fase-2\/\" target=\"_self\" class=\"qbutton  tiny right\" style=\"\">veure m\u00e9s<\/a>[vc_empty_space height=&#8221;40px&#8221;][\/vc_column][\/vc_row]\n","protected":false},"excerpt":{"rendered":"<p>[vc_row row_type=&#8221;row&#8221; text_align=&#8221;left&#8221; css_animation=&#8221;&#8221;][vc_column][vc_empty_space height=&#8221;20px&#8221;][vc_custom_heading text=&#8221;Promocions a la provincia de Saragossa&#8221; font_container=&#8221;tag:h1|text_align:left&#8221; google_fonts=&#8221;font_family:Montserrat%3Aregular%2C700|font_style:400%20regular%3A400%3Anormal&#8221;][vc_separator type=&#8221;transparent&#8221; color=&#8221;#ffffff&#8221; up=&#8221;10&#8243; down=&#8221;10&#8243;][vc_column_text] Llistat de les promocions en curs. [\/vc_column_text][vc_empty_space height=&#8221;10px&#8221;][\/vc_column][\/vc_row][vc_row row_type=&#8221;row&#8221; text_align=&#8221;left&#8221; css_animation=&#8221;&#8221;][vc_column width=&#8221;1\/4&#8243;][vc_single_image image=&#8221;13779&#8243; add_caption=&#8221;yes&#8221; style=&#8221;vc_box_rounded&#8221; onclick=&#8221;custom_link&#8221; link=&#8221;http:%2F%2Fsorigueinmobiliaria.com%2Fpromociones-en-curso%2Fpromociones-en-la-provincia-de-zaragoza%2Fzaragoza-velaire-residencial%2F|&#8221;][vc_separator type=&#8221;transparent&#8221; color=&#8221;#ffffff&#8221; up=&#8221;10&#8243; down=&#8221;10&#8243;][\/vc_column][vc_column width=&#8221;3\/4&#8243;][vc_column_text] Zaragoza | Velaire Residencial &#8211; (Fase&#8230;<\/p>\n","protected":false},"author":4,"featured_media":0,"parent":14029,"menu_order":3,"comment_status":"closed","ping_status":"closed","template":"page-menu-N2.php","meta":{"footnotes":""},"_links":{"self":[{"href":"https:\/\/sorigueinmobiliaria.com\/ca\/wp-json\/wp\/v2\/pages\/14109"}],"collection":[{"href":"https:\/\/sorigueinmobiliaria.com\/ca\/wp-json\/wp\/v2\/pages"}],"about":[{"href":"https:\/\/sorigueinmobiliaria.com\/ca\/wp-json\/wp\/v2\/types\/page"}],"author":[{"embeddable":true,"href":"https:\/\/sorigueinmobiliaria.com\/ca\/wp-json\/wp\/v2\/users\/4"}],"replies":[{"embeddable":true,"href":"https:\/\/sorigueinmobiliaria.com\/ca\/wp-json\/wp\/v2\/comments?post=14109"}],"version-history":[{"count":10,"href":"https:\/\/sorigueinmobiliaria.com\/ca\/wp-json\/wp\/v2\/pages\/14109\/revisions"}],"predecessor-version":[{"id":14410,"href":"https:\/\/sorigueinmobiliaria.com\/ca\/wp-json\/wp\/v2\/pages\/14109\/revisions\/14410"}],"up":[{"embeddable":true,"href":"https:\/\/sorigueinmobiliaria.com\/ca\/wp-json\/wp\/v2\/pages\/14029"}],"wp:attachment":[{"href":"https:\/\/sorigueinmobiliaria.com\/ca\/wp-json\/wp\/v2\/media?parent=14109"}],"curies":[{"name":"wp","href":"https:\/\/api.w.org\/{rel}","templated":true}]}}