{"id":14088,"date":"2022-08-17T12:37:57","date_gmt":"2022-08-17T12:37:57","guid":{"rendered":"https:\/\/sorigueinmobiliaria.com\/promocions-en-curs\/promociones-en-la-provincia-de-girona\/"},"modified":"2025-09-18T12:03:16","modified_gmt":"2025-09-18T12:03:16","slug":"promocions-a-la-provincia-de-girona","status":"publish","type":"page","link":"https:\/\/sorigueinmobiliaria.com\/ca\/promocions-en-curs\/promocions-a-la-provincia-de-girona\/","title":{"rendered":"Promocions a la provincia de Girona"},"content":{"rendered":"[vc_row row_type=&#8221;row&#8221; text_align=&#8221;left&#8221; css_animation=&#8221;&#8221;][vc_column][vc_empty_space height=&#8221;20px&#8221;][vc_custom_heading text=&#8221;Promocions a la provincia de Girona&#8221; font_container=&#8221;tag:h1|text_align:left&#8221; google_fonts=&#8221;font_family:Montserrat%3Aregular%2C700|font_style:400%20regular%3A400%3Anormal&#8221;][vc_separator type=&#8221;transparent&#8221; color=&#8221;#ffffff&#8221; up=&#8221;10&#8243; down=&#8221;10&#8243;][vc_column_text][\/vc_column_text][vc_empty_space height=&#8221;10px&#8221;][vc_empty_space height=&#8221;10px&#8221;][vc_empty_space height=&#8221;10px&#8221;][vc_empty_space height=&#8221;10px&#8221;][\/vc_column][\/vc_row][vc_row row_type=&#8221;row&#8221; text_align=&#8221;left&#8221; css_animation=&#8221;&#8221;][vc_column width=&#8221;1\/4&#8243;][vc_single_image image=&#8221;15429&#8243; add_caption=&#8221;yes&#8221; style=&#8221;vc_box_rounded&#8221; onclick=&#8221;custom_link&#8221; link=&#8221;https:\/\/sorigueinmobiliaria.com\/ca\/promocions-en-curs\/promocions-a-la-provincia-de-girona\/girona-la-devesa-2\/&#8221;][vc_separator type=&#8221;transparent&#8221; color=&#8221;#ffffff&#8221; up=&#8221;10&#8243; down=&#8221;10&#8243;][\/vc_column][vc_column width=&#8221;3\/4&#8243;][vc_column_text]\n<h2>Girona | Mas Quintana<\/h2>\n<p>Data de lliurament: Primer trimestre del 2027<\/p>\n<div><span lang=\"CA\">Obra nova en dues fases amb un total de 60 habitatges de 2, 3 i 4 dormitoris, plantes baixes amb \u00e0mplies terrasses i jardins privats, zona comunit\u00e0ria amb piscina, jard\u00ed i \u00e0mplies places d\u2019aparcament amb traster.<\/span><\/div>\n[\/vc_column_text][vc_separator type=&#8221;transparent&#8221; color=&#8221;#ffffff&#8221; up=&#8221;10&#8243; down=&#8221;10&#8243;]<a href=\"https:\/\/sorigueinmobiliaria.com\/ca\/promocions-en-curs\/promocions-a-la-provincia-de-girona\/girona-la-devesa-2\/\" target=\"_self\" class=\"qbutton  tiny right\" style=\"\">veure m\u00e9s<\/a>[vc_empty_space height=&#8221;40px&#8221;][\/vc_column][\/vc_row][vc_row row_type=&#8221;row&#8221; text_align=&#8221;left&#8221; css_animation=&#8221;&#8221;][vc_column width=&#8221;1\/4&#8243;][vc_single_image image=&#8221;13883&#8243; add_caption=&#8221;yes&#8221; style=&#8221;vc_box_rounded&#8221; onclick=&#8221;custom_link&#8221; link=&#8221;http:%2F%2Fsorigueinmobiliaria.com%2Fpromociones-en-curso%2Fpromociones-en-la-provincia-de-girona%2Fgirona-la-devesa%2F|&#8221;][vc_separator type=&#8221;transparent&#8221; color=&#8221;#ffffff&#8221; up=&#8221;10&#8243; down=&#8221;10&#8243;][\/vc_column][vc_column width=&#8221;3\/4&#8243;][vc_column_text]\n<h2>Girona | La Devesa<\/h2>\n<p>Data de lliurament: Promoci\u00f3 finalitzada<\/p>\n<p>Modern edifici amb 32 habitatges de 3 i 4 dormitoris, p\u00e0rquing amb trasters, piscina i jard\u00ed comunitari, ubicat davant del parc de La Devesa.[\/vc_column_text][vc_separator type=&#8221;transparent&#8221; color=&#8221;#ffffff&#8221; up=&#8221;10&#8243; down=&#8221;10&#8243;]<a href=\"https:\/\/sorigueinmobiliaria.com\/ca\/promocions-en-curs\/promocions-a-la-provincia-de-girona\/girona-la-devesa\/\" target=\"_self\" class=\"qbutton  tiny right\" style=\"\">veure m\u00e9s<\/a>[vc_empty_space height=&#8221;40px&#8221;][\/vc_column][\/vc_row]\n","protected":false},"excerpt":{"rendered":"<p>[vc_row row_type=&#8221;row&#8221; text_align=&#8221;left&#8221; css_animation=&#8221;&#8221;][vc_column][vc_empty_space height=&#8221;20px&#8221;][vc_custom_heading text=&#8221;Promocions a la provincia de Girona&#8221; font_container=&#8221;tag:h1|text_align:left&#8221; google_fonts=&#8221;font_family:Montserrat%3Aregular%2C700|font_style:400%20regular%3A400%3Anormal&#8221;][vc_separator type=&#8221;transparent&#8221; color=&#8221;#ffffff&#8221; up=&#8221;10&#8243; down=&#8221;10&#8243;][vc_column_text][\/vc_column_text][vc_empty_space height=&#8221;10px&#8221;][vc_empty_space height=&#8221;10px&#8221;][vc_empty_space height=&#8221;10px&#8221;][vc_empty_space height=&#8221;10px&#8221;][\/vc_column][\/vc_row][vc_row row_type=&#8221;row&#8221; text_align=&#8221;left&#8221; css_animation=&#8221;&#8221;][vc_column width=&#8221;1\/4&#8243;][vc_single_image image=&#8221;15429&#8243; add_caption=&#8221;yes&#8221; style=&#8221;vc_box_rounded&#8221; onclick=&#8221;custom_link&#8221; link=&#8221;https:\/\/sorigueinmobiliaria.com\/ca\/promocions-en-curs\/promocions-a-la-provincia-de-girona\/girona-la-devesa-2\/&#8221;][vc_separator type=&#8221;transparent&#8221; color=&#8221;#ffffff&#8221; up=&#8221;10&#8243; down=&#8221;10&#8243;][\/vc_column][vc_column width=&#8221;3\/4&#8243;][vc_column_text] Girona | Mas Quintana Data de lliurament: Primer trimestre del&#8230;<\/p>\n","protected":false},"author":4,"featured_media":0,"parent":14029,"menu_order":1,"comment_status":"closed","ping_status":"closed","template":"page-menu-N2.php","meta":{"footnotes":""},"_links":{"self":[{"href":"https:\/\/sorigueinmobiliaria.com\/ca\/wp-json\/wp\/v2\/pages\/14088"}],"collection":[{"href":"https:\/\/sorigueinmobiliaria.com\/ca\/wp-json\/wp\/v2\/pages"}],"about":[{"href":"https:\/\/sorigueinmobiliaria.com\/ca\/wp-json\/wp\/v2\/types\/page"}],"author":[{"embeddable":true,"href":"https:\/\/sorigueinmobiliaria.com\/ca\/wp-json\/wp\/v2\/users\/4"}],"replies":[{"embeddable":true,"href":"https:\/\/sorigueinmobiliaria.com\/ca\/wp-json\/wp\/v2\/comments?post=14088"}],"version-history":[{"count":17,"href":"https:\/\/sorigueinmobiliaria.com\/ca\/wp-json\/wp\/v2\/pages\/14088\/revisions"}],"predecessor-version":[{"id":17140,"href":"https:\/\/sorigueinmobiliaria.com\/ca\/wp-json\/wp\/v2\/pages\/14088\/revisions\/17140"}],"up":[{"embeddable":true,"href":"https:\/\/sorigueinmobiliaria.com\/ca\/wp-json\/wp\/v2\/pages\/14029"}],"wp:attachment":[{"href":"https:\/\/sorigueinmobiliaria.com\/ca\/wp-json\/wp\/v2\/media?parent=14088"}],"curies":[{"name":"wp","href":"https:\/\/api.w.org\/{rel}","templated":true}]}}