{"id":14033,"date":"2022-08-17T11:53:19","date_gmt":"2022-08-17T11:53:19","guid":{"rendered":"https:\/\/sorigueinmobiliaria.com\/promocions-en-curs\/promociones-en-la-provincia-de-barcelona\/"},"modified":"2025-04-15T09:23:43","modified_gmt":"2025-04-15T09:23:43","slug":"promocions-a-la-provincia-de-barcelona","status":"publish","type":"page","link":"https:\/\/sorigueinmobiliaria.com\/ca\/promocions-en-curs\/promocions-a-la-provincia-de-barcelona\/","title":{"rendered":"Promocions a la provincia de Barcelona"},"content":{"rendered":"[vc_row row_type=&#8221;row&#8221; text_align=&#8221;left&#8221; css_animation=&#8221;&#8221;][vc_column][vc_empty_space height=&#8221;20px&#8221;][vc_custom_heading text=&#8221;Promocions a la Provincia de Barcelona&#8221; font_container=&#8221;tag:h1|text_align:left&#8221; google_fonts=&#8221;font_family:Montserrat%3Aregular%2C700|font_style:400%20regular%3A400%3Anormal&#8221;][vc_separator type=&#8221;transparent&#8221; color=&#8221;#ffffff&#8221; up=&#8221;10&#8243; down=&#8221;10&#8243;][vc_column_text][\/vc_column_text][vc_empty_space height=&#8221;10px&#8221;][vc_empty_space height=&#8221;10px&#8221;][\/vc_column][\/vc_row][vc_row row_type=&#8221;row&#8221; text_align=&#8221;left&#8221; css_animation=&#8221;&#8221;][vc_column width=&#8221;1\/4&#8243;][vc_single_image image=&#8221;14924&#8243; add_caption=&#8221;yes&#8221; style=&#8221;vc_box_rounded&#8221; onclick=&#8221;custom_link&#8221; link=&#8221;https:%2F%2Fsorigueinmobiliaria.com%2Fpromociones-en-curso%2Fpromociones-en-la-provincia-de-barcelona%2Ftarrasa-can-colomer-2%2F|&#8221;][vc_separator type=&#8221;transparent&#8221; color=&#8221;#ffffff&#8221; up=&#8221;10&#8243; down=&#8221;10&#8243;][\/vc_column][vc_column width=&#8221;3\/4&#8243;][vc_column_text]\n<h2>Terrassa | Can Colomer (Fase 2)<\/h2>\n<p>Data de lliurament: Segon trimestre 2024<\/p>\n<p>Singular edifici situat en plena naturalesa amb 70 habitatges de 2 i 3 dormitoris. Acabats de primera qualitat. Zona comunit\u00e0ria amb jard\u00ed i piscina, p\u00e0rquings amb trasters.[\/vc_column_text][vc_separator type=&#8221;transparent&#8221; color=&#8221;#ffffff&#8221; up=&#8221;10&#8243; down=&#8221;10&#8243;]<a href=\"https:\/\/sorigueinmobiliaria.com\/ca\/promocions-en-curs\/promocions-a-la-provincia-de-barcelona\/terrassa-can-colomer-fase-2\/\" target=\"_self\" class=\"qbutton  tiny right\" style=\"\">veure m\u00e9s<\/a>[vc_empty_space height=&#8221;40px&#8221;][\/vc_column][\/vc_row][vc_row row_type=&#8221;row&#8221; text_align=&#8221;left&#8221; css_animation=&#8221;&#8221;][vc_column width=&#8221;1\/4&#8243;][vc_single_image image=&#8221;13670&#8243; add_caption=&#8221;yes&#8221; style=&#8221;vc_box_rounded&#8221; onclick=&#8221;custom_link&#8221; link=&#8221;https:%2F%2Fsorigueinmobiliaria.com%2Fpromociones-en-curso%2Fpromociones-en-la-provincia-de-barcelona%2Fsanta-perpetua-placa-de-la-vila%2F|&#8221;][vc_separator type=&#8221;transparent&#8221; color=&#8221;#ffffff&#8221; up=&#8221;10&#8243; down=&#8221;10&#8243;][\/vc_column][vc_column width=&#8221;3\/4&#8243;][vc_column_text]\n<h2>Santa Perp\u00e8tua | Pla\u00e7a de la Vila 4<\/h2>\n<p>Data de lliurament: Primer trimestre 2024<\/p>\n<p>Promoci\u00f3 d&#8217;obra nova composta de 24 habitatges de 3 i 4 dormitoris amb places de p\u00e0rquing i trasters, tamb\u00e9 es construiran dos locals comercials.[\/vc_column_text][vc_separator type=&#8221;transparent&#8221; color=&#8221;#ffffff&#8221; up=&#8221;10&#8243; down=&#8221;10&#8243;]<a href=\"https:\/\/sorigueinmobiliaria.com\/ca\/promocions-en-curs\/promocions-a-la-provincia-de-barcelona\/santa-perpetua-placa-de-la-vila\/\" target=\"_self\" class=\"qbutton  tiny right\" style=\"\">veure m\u00e9s<\/a>[vc_empty_space height=&#8221;40px&#8221;][\/vc_column][\/vc_row]\n","protected":false},"excerpt":{"rendered":"<p>[vc_row row_type=&#8221;row&#8221; text_align=&#8221;left&#8221; css_animation=&#8221;&#8221;][vc_column][vc_empty_space height=&#8221;20px&#8221;][vc_custom_heading text=&#8221;Promocions a la Provincia de Barcelona&#8221; font_container=&#8221;tag:h1|text_align:left&#8221; google_fonts=&#8221;font_family:Montserrat%3Aregular%2C700|font_style:400%20regular%3A400%3Anormal&#8221;][vc_separator type=&#8221;transparent&#8221; color=&#8221;#ffffff&#8221; up=&#8221;10&#8243; down=&#8221;10&#8243;][vc_column_text][\/vc_column_text][vc_empty_space height=&#8221;10px&#8221;][vc_empty_space height=&#8221;10px&#8221;][\/vc_column][\/vc_row][vc_row row_type=&#8221;row&#8221; text_align=&#8221;left&#8221; css_animation=&#8221;&#8221;][vc_column width=&#8221;1\/4&#8243;][vc_single_image image=&#8221;14924&#8243; add_caption=&#8221;yes&#8221; style=&#8221;vc_box_rounded&#8221; onclick=&#8221;custom_link&#8221; link=&#8221;https:%2F%2Fsorigueinmobiliaria.com%2Fpromociones-en-curso%2Fpromociones-en-la-provincia-de-barcelona%2Ftarrasa-can-colomer-2%2F|&#8221;][vc_separator type=&#8221;transparent&#8221; color=&#8221;#ffffff&#8221; up=&#8221;10&#8243; down=&#8221;10&#8243;][\/vc_column][vc_column width=&#8221;3\/4&#8243;][vc_column_text] Terrassa | Can Colomer (Fase 2) Data de lliurament: Segon trimestre 2024&#8230;<\/p>\n","protected":false},"author":4,"featured_media":0,"parent":14029,"menu_order":0,"comment_status":"closed","ping_status":"closed","template":"page-menu-N2.php","meta":{"footnotes":""},"_links":{"self":[{"href":"https:\/\/sorigueinmobiliaria.com\/ca\/wp-json\/wp\/v2\/pages\/14033"}],"collection":[{"href":"https:\/\/sorigueinmobiliaria.com\/ca\/wp-json\/wp\/v2\/pages"}],"about":[{"href":"https:\/\/sorigueinmobiliaria.com\/ca\/wp-json\/wp\/v2\/types\/page"}],"author":[{"embeddable":true,"href":"https:\/\/sorigueinmobiliaria.com\/ca\/wp-json\/wp\/v2\/users\/4"}],"replies":[{"embeddable":true,"href":"https:\/\/sorigueinmobiliaria.com\/ca\/wp-json\/wp\/v2\/comments?post=14033"}],"version-history":[{"count":24,"href":"https:\/\/sorigueinmobiliaria.com\/ca\/wp-json\/wp\/v2\/pages\/14033\/revisions"}],"predecessor-version":[{"id":16996,"href":"https:\/\/sorigueinmobiliaria.com\/ca\/wp-json\/wp\/v2\/pages\/14033\/revisions\/16996"}],"up":[{"embeddable":true,"href":"https:\/\/sorigueinmobiliaria.com\/ca\/wp-json\/wp\/v2\/pages\/14029"}],"wp:attachment":[{"href":"https:\/\/sorigueinmobiliaria.com\/ca\/wp-json\/wp\/v2\/media?parent=14033"}],"curies":[{"name":"wp","href":"https:\/\/api.w.org\/{rel}","templated":true}]}}