{"id":14007,"date":"2013-11-19T13:33:34","date_gmt":"2013-11-19T13:33:34","guid":{"rendered":"https:\/\/sorigueinmobiliaria.com\/inici\/"},"modified":"2022-08-17T17:47:35","modified_gmt":"2022-08-17T17:47:35","slug":"home","status":"publish","type":"page","link":"https:\/\/sorigueinmobiliaria.com\/ca\/","title":{"rendered":"Inici"},"content":{"rendered":"[vc_row row_type=&#8221;section&#8221; type=&#8221;grid&#8221; text_align=&#8221;left&#8221; video=&#8221;&#8221; background_color=&#8221;#f6f6f6&#8243; padding_top=&#8221;80&#8243; padding_bottom=&#8221;80&#8243;][vc_column width=&#8221;1\/4&#8243;][vc_row_inner row_type=&#8221;row&#8221; text_align=&#8221;center&#8221; css_animation=&#8221;element_from_left&#8221;][vc_column_inner][vc_single_image image=&#8221;12636&#8243; img_size=&#8221;full&#8221;][\/vc_column_inner][\/vc_row_inner][\/vc_column][vc_column width=&#8221;3\/4&#8243;][vc_row_inner row_type=&#8221;row&#8221; text_align=&#8221;left&#8221; css_animation=&#8221;&#8221;][vc_column_inner][vc_column_text]Sorigu\u00e9 Immobili\u00e0ria \u00e9s la promotora constructora del grup empresarial Sorigu\u00e9, que compta amb m\u00e9s de 60 anys d&#8217;experi\u00e8ncia en el sector. Els requisits d&#8217;economia, funcionalitat, integraci\u00f3 en els espais urbans i disseny s\u00f3n part de la filosofia i de l&#8217;estil de Sorigu\u00e9. La qualitat dels materials utilitzats i la correcta execuci\u00f3 en la construcci\u00f3 s&#8217;han tradu\u00eft amb els anys en una alta fidelitzaci\u00f3 dels nostres clients. Estem compromesos amb la cerca de l&#8217;excel\u00b7l\u00e8ncia: els nostres alts est\u00e0ndards de qualitat es complementen amb un servei personalitzat d&#8217;atenci\u00f3 i de post-venda, que inclou un sistema informatitzat de seguiment de possibles incid\u00e8ncies.[\/vc_column_text][\/vc_column_inner][\/vc_row_inner][\/vc_column][\/vc_row][vc_row row_type=&#8221;section&#8221; type=&#8221;full_width&#8221; text_align=&#8221;left&#8221; video=&#8221;&#8221; padding_top=&#8221;0&#8243; padding_bottom=&#8221;30&#8243;][vc_column]<div class='portfolio_slider_holder clearfix'><div class='portfolio_slider'><ul class='portfolio_slides'><li><div class='image_holder'><span class='image'><img src='https:\/\/sorigueinmobiliaria.com\/wp-content\/uploads\/2023\/05\/04_v2_a-480x320.jpg' alt='Terrassa | Can Colomer II'><\/span><div class='hover_feature_holder'><span class=\"hover_feature_holder_icons\"><span class=\"hover_feature_holder_icons_outer\"><span class=\"hover_feature_holder_icons_inner\"><a class='preview' target='_blank' href='https:\/\/sorigueinmobiliaria.com\/ca\/promocions-en-curs\/promocions-a-la-provincia-de-barcelona\/terrassa-can-colomer-fase-2\/'><i class='fa fa-link fa-2x fa-border'><\/i><\/a><\/span><\/span><\/span><div class=\"hover_feature_holder_title\"><div class=\"hover_feature_holder_title_inner\"><h4 class=\"portfolio_title\"><a href=\"https:\/\/sorigueinmobiliaria.com\/ca\/promocions-en-curs\/promocions-a-la-provincia-de-barcelona\/terrassa-can-colomer-fase-2\/\" target=\"_blank\">Terrassa | Can Colomer II<\/a><\/h4><span class=\"project_category\">Av. de les Arts<\/span><\/div><\/div><\/div><\/div><\/li><li><div class='image_holder'><span class='image'><img src='https:\/\/sorigueinmobiliaria.com\/wp-content\/uploads\/2021\/10\/exterior03-480x320.jpg' alt='Santa P\u00e8rpetua | Pla\u00e7a de la Vila'><\/span><div class='hover_feature_holder'><span class=\"hover_feature_holder_icons\"><span class=\"hover_feature_holder_icons_outer\"><span class=\"hover_feature_holder_icons_inner\"><a class='preview' target='_blank' href='https:\/\/sorigueinmobiliaria.com\/ca\/promocions-en-curs\/promocions-a-la-provincia-de-barcelona\/santa-perpetua-placa-de-la-vila\/'><i class='fa fa-link fa-2x fa-border'><\/i><\/a><\/span><\/span><\/span><div class=\"hover_feature_holder_title\"><div class=\"hover_feature_holder_title_inner\"><h4 class=\"portfolio_title\"><a href=\"https:\/\/sorigueinmobiliaria.com\/ca\/promocions-en-curs\/promocions-a-la-provincia-de-barcelona\/santa-perpetua-placa-de-la-vila\/\" target=\"_blank\">Santa P\u00e8rpetua | Pla\u00e7a de la Vila<\/a><\/h4><span class=\"project_category\">Pla\u00e7a de la Vila, 4<\/span><\/div><\/div><\/div><\/div><\/li><li><div class='image_holder'><span class='image'><img src='https:\/\/sorigueinmobiliaria.com\/wp-content\/uploads\/2017\/11\/Large-Nuevo-edificio-residencial-Prat-de-la-Riba-4-480x320.jpg' alt='Lleida  | Agora'><\/span><div class='hover_feature_holder'><span class=\"hover_feature_holder_icons\"><span class=\"hover_feature_holder_icons_outer\"><span class=\"hover_feature_holder_icons_inner\"><a class='preview' target='_blank' href='https:\/\/sorigueinmobiliaria.com\/ca\/promocions-en-curs\/promocions-a-la-provincia-de-lleida\/lleida-zona-alta\/'><i class='fa fa-link fa-2x fa-border'><\/i><\/a><\/span><\/span><\/span><div class=\"hover_feature_holder_title\"><div class=\"hover_feature_holder_title_inner\"><h4 class=\"portfolio_title\"><a href=\"https:\/\/sorigueinmobiliaria.com\/ca\/promocions-en-curs\/promocions-a-la-provincia-de-lleida\/lleida-zona-alta\/\" target=\"_blank\">Lleida  | Agora<\/a><\/h4><span class=\"project_category\">Passeig de l\u2019Onze de Setembre, 44-48<\/span><\/div><\/div><\/div><\/div><\/li><li><div class='image_holder'><span class='image'><img src='https:\/\/sorigueinmobiliaria.com\/wp-content\/uploads\/2016\/06\/ZONA-COMUNITARIA-PISCINA-1-en-tamano-grande-480x320.jpeg' alt='Barber\u00e0 del Vall\u00e8s | L\u2019illa del Parc'><\/span><div class='hover_feature_holder'><span class=\"hover_feature_holder_icons\"><span class=\"hover_feature_holder_icons_outer\"><span class=\"hover_feature_holder_icons_inner\"><a class='preview' target='_blank' href='https:\/\/sorigueinmobiliaria.com\/ca\/promocions-en-curs\/promocions-a-la-provincia-de-barcelona\/barbera-del-valles-lilla-del-parc\/'><i class='fa fa-link fa-2x fa-border'><\/i><\/a><\/span><\/span><\/span><div class=\"hover_feature_holder_title\"><div class=\"hover_feature_holder_title_inner\"><h4 class=\"portfolio_title\"><a href=\"https:\/\/sorigueinmobiliaria.com\/ca\/promocions-en-curs\/promocions-a-la-provincia-de-barcelona\/barbera-del-valles-lilla-del-parc\/\" target=\"_blank\">Barber\u00e0 del Vall\u00e8s | L\u2019illa del Parc<\/a><\/h4><span class=\"project_category\"><\/span><\/div><\/div><\/div><\/div><\/li><li><div class='image_holder'><span class='image'><img src='https:\/\/sorigueinmobiliaria.com\/wp-content\/uploads\/2022\/03\/03_Ext_Frontal-1-480x320.jpg' alt='Zaragoza | Villas de Velaire'><\/span><div class='hover_feature_holder'><span class=\"hover_feature_holder_icons\"><span class=\"hover_feature_holder_icons_outer\"><span class=\"hover_feature_holder_icons_inner\"><a class='preview' target='_blank' href='https:\/\/sorigueinmobiliaria.com\/ca\/promocions-en-curs\/promocions-a-la-provincia-de-saragossa\/saragossa-velaire-residencial-fase-2\/'><i class='fa fa-link fa-2x fa-border'><\/i><\/a><\/span><\/span><\/span><div class=\"hover_feature_holder_title\"><div class=\"hover_feature_holder_title_inner\"><h4 class=\"portfolio_title\"><a href=\"https:\/\/sorigueinmobiliaria.com\/ca\/promocions-en-curs\/promocions-a-la-provincia-de-saragossa\/saragossa-velaire-residencial-fase-2\/\" target=\"_blank\">Zaragoza | Villas de Velaire<\/a><\/h4><span class=\"project_category\">Villas de Velaire<\/span><\/div><\/div><\/div><\/div><\/li><\/ul><\/div><\/div>[vc_empty_space height=&#8221;20px&#8221;][\/vc_column][\/vc_row]\n","protected":false},"excerpt":{"rendered":"<p>[vc_row row_type=&#8221;section&#8221; type=&#8221;grid&#8221; text_align=&#8221;left&#8221; video=&#8221;&#8221; background_color=&#8221;#f6f6f6&#8243; padding_top=&#8221;80&#8243; padding_bottom=&#8221;80&#8243;][vc_column width=&#8221;1\/4&#8243;][vc_row_inner row_type=&#8221;row&#8221; text_align=&#8221;center&#8221; css_animation=&#8221;element_from_left&#8221;][vc_column_inner][vc_single_image image=&#8221;12636&#8243; img_size=&#8221;full&#8221;][\/vc_column_inner][\/vc_row_inner][\/vc_column][vc_column width=&#8221;3\/4&#8243;][vc_row_inner row_type=&#8221;row&#8221; text_align=&#8221;left&#8221; css_animation=&#8221;&#8221;][vc_column_inner][vc_column_text]Sorigu\u00e9 Immobili\u00e0ria \u00e9s la promotora constructora del grup empresarial Sorigu\u00e9, que compta amb m\u00e9s de 60 anys d&#8217;experi\u00e8ncia en el sector. Els requisits d&#8217;economia, funcionalitat, integraci\u00f3 en els&#8230;<\/p>\n","protected":false},"author":4,"featured_media":0,"parent":0,"menu_order":-1,"comment_status":"open","ping_status":"closed","template":"full_width.php","meta":{"footnotes":""},"_links":{"self":[{"href":"https:\/\/sorigueinmobiliaria.com\/ca\/wp-json\/wp\/v2\/pages\/14007"}],"collection":[{"href":"https:\/\/sorigueinmobiliaria.com\/ca\/wp-json\/wp\/v2\/pages"}],"about":[{"href":"https:\/\/sorigueinmobiliaria.com\/ca\/wp-json\/wp\/v2\/types\/page"}],"author":[{"embeddable":true,"href":"https:\/\/sorigueinmobiliaria.com\/ca\/wp-json\/wp\/v2\/users\/4"}],"replies":[{"embeddable":true,"href":"https:\/\/sorigueinmobiliaria.com\/ca\/wp-json\/wp\/v2\/comments?post=14007"}],"version-history":[{"count":11,"href":"https:\/\/sorigueinmobiliaria.com\/ca\/wp-json\/wp\/v2\/pages\/14007\/revisions"}],"predecessor-version":[{"id":14208,"href":"https:\/\/sorigueinmobiliaria.com\/ca\/wp-json\/wp\/v2\/pages\/14007\/revisions\/14208"}],"wp:attachment":[{"href":"https:\/\/sorigueinmobiliaria.com\/ca\/wp-json\/wp\/v2\/media?parent=14007"}],"curies":[{"name":"wp","href":"https:\/\/api.w.org\/{rel}","templated":true}]}}